{"id":330,"date":"2024-09-07T17:57:49","date_gmt":"2024-09-07T20:57:49","guid":{"rendered":"https:\/\/embragen.siteup.dev\/?page_id=330"},"modified":"2024-10-10T18:01:06","modified_gmt":"2024-10-10T21:01:06","slug":"artes-e-eventos","status":"publish","type":"page","link":"https:\/\/embragen.siteup.dev\/en\/arts-and-events\/","title":{"rendered":"Arts and Events"},"content":{"rendered":"","protected":false},"excerpt":{"rendered":"","protected":false},"author":4005,"featured_media":0,"parent":0,"menu_order":0,"comment_status":"closed","ping_status":"closed","template":"template-pages\/artes-e-eventos2.php","meta":{"inline_featured_image":false,"footnotes":""},"class_list":["post-330","page","type-page","status-publish","hentry"],"acf":[],"yoast_head":"<!-- This site is optimized with the Yoast SEO plugin v23.6 - https:\/\/yoast.com\/wordpress\/plugins\/seo\/ -->\n<title>Armazenagem e Log\u00edstica de Obras De Arte | Embragen<\/title>\n<meta name=\"description\" content=\"Embragen oferece armazenagem e log\u00edstica de obras de arte com prote\u00e7\u00e3o e expertise, garantindo a integridade de cada pe\u00e7a.\" \/>\n<meta name=\"robots\" content=\"noindex, follow, max-snippet:-1, max-image-preview:large, max-video-preview:-1\" \/>\n<meta property=\"og:locale\" content=\"en_US\" \/>\n<meta property=\"og:type\" content=\"article\" \/>\n<meta property=\"og:title\" content=\"Armazenagem e Log\u00edstica de Obras De Arte | Embragen\" \/>\n<meta property=\"og:description\" content=\"Embragen oferece armazenagem e log\u00edstica de obras de arte com prote\u00e7\u00e3o e expertise, garantindo a integridade de cada pe\u00e7a.\" \/>\n<meta property=\"og:url\" content=\"https:\/\/embragen.siteup.dev\/en\/arts-and-events\/\" \/>\n<meta property=\"og:site_name\" content=\"Embragen\" \/>\n<meta property=\"article:modified_time\" content=\"2024-10-10T21:01:06+00:00\" \/>\n<meta name=\"twitter:card\" content=\"summary_large_image\" \/>\n<script type=\"application\/ld+json\" class=\"yoast-schema-graph\">{\"@context\":\"https:\/\/schema.org\",\"@graph\":[{\"@type\":\"WebPage\",\"@id\":\"https:\/\/embragen.siteup.dev\/artes-e-eventos\/\",\"url\":\"https:\/\/embragen.siteup.dev\/artes-e-eventos\/\",\"name\":\"Armazenagem e Log\u00edstica de Obras De Arte | Embragen\",\"isPartOf\":{\"@id\":\"https:\/\/embragen.siteup.dev\/#website\"},\"datePublished\":\"2024-09-07T20:57:49+00:00\",\"dateModified\":\"2024-10-10T21:01:06+00:00\",\"description\":\"Embragen oferece armazenagem e log\u00edstica de obras de arte com prote\u00e7\u00e3o e expertise, garantindo a integridade de cada pe\u00e7a.\",\"inLanguage\":\"en-US\",\"potentialAction\":[{\"@type\":\"ReadAction\",\"target\":[\"https:\/\/embragen.siteup.dev\/artes-e-eventos\/\"]}]},{\"@type\":\"WebSite\",\"@id\":\"https:\/\/embragen.siteup.dev\/#website\",\"url\":\"https:\/\/embragen.siteup.dev\/\",\"name\":\"Embragen\",\"description\":\"\",\"publisher\":{\"@id\":\"https:\/\/embragen.siteup.dev\/#organization\"},\"potentialAction\":[{\"@type\":\"SearchAction\",\"target\":{\"@type\":\"EntryPoint\",\"urlTemplate\":\"https:\/\/embragen.siteup.dev\/?s={search_term_string}\"},\"query-input\":{\"@type\":\"PropertyValueSpecification\",\"valueRequired\":true,\"valueName\":\"search_term_string\"}}],\"inLanguage\":\"en-US\"},{\"@type\":\"Organization\",\"@id\":\"https:\/\/embragen.siteup.dev\/#organization\",\"name\":\"Embragen\",\"url\":\"https:\/\/embragen.siteup.dev\/\",\"logo\":{\"@type\":\"ImageObject\",\"inLanguage\":\"en-US\",\"@id\":\"https:\/\/embragen.siteup.dev\/#\/schema\/logo\/image\/\",\"url\":\"https:\/\/embragen.siteup.dev\/wp-content\/uploads\/2024\/10\/favicon.png\",\"contentUrl\":\"https:\/\/embragen.siteup.dev\/wp-content\/uploads\/2024\/10\/favicon.png\",\"width\":512,\"height\":512,\"caption\":\"Embragen\"},\"image\":{\"@id\":\"https:\/\/embragen.siteup.dev\/#\/schema\/logo\/image\/\"}}]}<\/script>\n<!-- \/ Yoast SEO plugin. -->","yoast_head_json":{"title":"Armazenagem e Log\u00edstica de Obras De Arte | Embragen","description":"Embragen oferece armazenagem e log\u00edstica de obras de arte com prote\u00e7\u00e3o e expertise, garantindo a integridade de cada pe\u00e7a.","robots":{"index":"noindex","follow":"follow","max-snippet":"max-snippet:-1","max-image-preview":"max-image-preview:large","max-video-preview":"max-video-preview:-1"},"og_locale":"en_US","og_type":"article","og_title":"Armazenagem e Log\u00edstica de Obras De Arte | Embragen","og_description":"Embragen oferece armazenagem e log\u00edstica de obras de arte com prote\u00e7\u00e3o e expertise, garantindo a integridade de cada pe\u00e7a.","og_url":"https:\/\/embragen.siteup.dev\/en\/arts-and-events\/","og_site_name":"Embragen","article_modified_time":"2024-10-10T21:01:06+00:00","twitter_card":"summary_large_image","schema":{"@context":"https:\/\/schema.org","@graph":[{"@type":"WebPage","@id":"https:\/\/embragen.siteup.dev\/artes-e-eventos\/","url":"https:\/\/embragen.siteup.dev\/artes-e-eventos\/","name":"Armazenagem e Log\u00edstica de Obras De Arte | Embragen","isPartOf":{"@id":"https:\/\/embragen.siteup.dev\/#website"},"datePublished":"2024-09-07T20:57:49+00:00","dateModified":"2024-10-10T21:01:06+00:00","description":"Embragen oferece armazenagem e log\u00edstica de obras de arte com prote\u00e7\u00e3o e expertise, garantindo a integridade de cada pe\u00e7a.","inLanguage":"en-US","potentialAction":[{"@type":"ReadAction","target":["https:\/\/embragen.siteup.dev\/artes-e-eventos\/"]}]},{"@type":"WebSite","@id":"https:\/\/embragen.siteup.dev\/#website","url":"https:\/\/embragen.siteup.dev\/","name":"Embragen","description":"","publisher":{"@id":"https:\/\/embragen.siteup.dev\/#organization"},"potentialAction":[{"@type":"SearchAction","target":{"@type":"EntryPoint","urlTemplate":"https:\/\/embragen.siteup.dev\/?s={search_term_string}"},"query-input":{"@type":"PropertyValueSpecification","valueRequired":true,"valueName":"search_term_string"}}],"inLanguage":"en-US"},{"@type":"Organization","@id":"https:\/\/embragen.siteup.dev\/#organization","name":"Embragen","url":"https:\/\/embragen.siteup.dev\/","logo":{"@type":"ImageObject","inLanguage":"en-US","@id":"https:\/\/embragen.siteup.dev\/#\/schema\/logo\/image\/","url":"https:\/\/embragen.siteup.dev\/wp-content\/uploads\/2024\/10\/favicon.png","contentUrl":"https:\/\/embragen.siteup.dev\/wp-content\/uploads\/2024\/10\/favicon.png","width":512,"height":512,"caption":"Embragen"},"image":{"@id":"https:\/\/embragen.siteup.dev\/#\/schema\/logo\/image\/"}}]}},"_links":{"self":[{"href":"https:\/\/embragen.siteup.dev\/en\/wp-json\/wp\/v2\/pages\/330"}],"collection":[{"href":"https:\/\/embragen.siteup.dev\/en\/wp-json\/wp\/v2\/pages"}],"about":[{"href":"https:\/\/embragen.siteup.dev\/en\/wp-json\/wp\/v2\/types\/page"}],"author":[{"embeddable":true,"href":"https:\/\/embragen.siteup.dev\/en\/wp-json\/wp\/v2\/users\/4005"}],"replies":[{"embeddable":true,"href":"https:\/\/embragen.siteup.dev\/en\/wp-json\/wp\/v2\/comments?post=330"}],"version-history":[{"count":11,"href":"https:\/\/embragen.siteup.dev\/en\/wp-json\/wp\/v2\/pages\/330\/revisions"}],"predecessor-version":[{"id":615,"href":"https:\/\/embragen.siteup.dev\/en\/wp-json\/wp\/v2\/pages\/330\/revisions\/615"}],"wp:attachment":[{"href":"https:\/\/embragen.siteup.dev\/en\/wp-json\/wp\/v2\/media?parent=330"}],"curies":[{"name":"wp","href":"https:\/\/api.w.org\/{rel}","templated":true}]}}